{"id":585,"date":"2019-01-13T20:12:57","date_gmt":"2019-01-13T18:12:57","guid":{"rendered":"http:\/\/crae.info\/?page_id=585"},"modified":"2024-09-28T23:54:35","modified_gmt":"2024-09-28T21:54:35","slug":"netradio-v3","status":"publish","type":"page","link":"https:\/\/crae.info\/en\/portfolio\/netradio-v3\/","title":{"rendered":"NetRadio v3"},"content":{"rendered":"\t\t<div data-elementor-type=\"wp-post\" data-elementor-id=\"585\" class=\"elementor elementor-585\">\n\t\t\t\t\t\t\t\t\t<section class=\"elementor-section elementor-top-section elementor-element elementor-element-3b8f11d elementor-section-full_width elementor-section-height-default elementor-section-height-default\" data-id=\"3b8f11d\" data-element_type=\"section\" data-settings=\"{&quot;shape_divider_top&quot;:&quot;arrow&quot;}\">\n\t\t\t\t\t<div class=\"elementor-shape elementor-shape-top\" data-negative=\"false\">\n\t\t\t<svg xmlns=\"http:\/\/www.w3.org\/2000\/svg\" viewBox=\"0 0 700 10\" preserveAspectRatio=\"none\">\n\t<path class=\"elementor-shape-fill\" d=\"M350,10L340,0h20L350,10z\"\/>\n<\/svg>\t\t<\/div>\n\t\t\t\t\t<div class=\"elementor-container elementor-column-gap-default\">\n\t\t\t\t\t<div class=\"elementor-column elementor-col-100 elementor-top-column elementor-element elementor-element-6156393\" data-id=\"6156393\" data-element_type=\"column\">\n\t\t\t<div class=\"elementor-widget-wrap elementor-element-populated\">\n\t\t\t\t\t\t\t\t<div class=\"elementor-element elementor-element-f7f8385 elementor-widget elementor-widget-heading\" data-id=\"f7f8385\" data-element_type=\"widget\" data-widget_type=\"heading.default\">\n\t\t\t\t<div class=\"elementor-widget-container\">\n\t\t\t<h1 class=\"elementor-heading-title elementor-size-default\">NetRadio v3<\/h1>\t\t<\/div>\n\t\t\t\t<\/div>\n\t\t\t\t<div class=\"elementor-element elementor-element-d0242c2 elementor-widget-divider--view-line elementor-widget elementor-widget-divider\" data-id=\"d0242c2\" data-element_type=\"widget\" data-widget_type=\"divider.default\">\n\t\t\t\t<div class=\"elementor-widget-container\">\n\t\t\t\t\t<div class=\"elementor-divider\">\n\t\t\t<span class=\"elementor-divider-separator\">\n\t\t\t\t\t\t<\/span>\n\t\t<\/div>\n\t\t\t\t<\/div>\n\t\t\t\t<\/div>\n\t\t\t\t\t<\/div>\n\t\t<\/div>\n\t\t\t\t\t\t\t<\/div>\n\t\t<\/section>\n\t\t\t\t<section class=\"elementor-section elementor-top-section elementor-element elementor-element-1549e09 elementor-section-boxed elementor-section-height-default elementor-section-height-default\" data-id=\"1549e09\" data-element_type=\"section\">\n\t\t\t\t\t\t<div class=\"elementor-container elementor-column-gap-default\">\n\t\t\t\t\t<div class=\"elementor-column elementor-col-33 elementor-top-column elementor-element elementor-element-1c0cc9a\" data-id=\"1c0cc9a\" data-element_type=\"column\">\n\t\t\t<div class=\"elementor-widget-wrap elementor-element-populated\">\n\t\t\t\t\t\t\t\t<div class=\"elementor-element elementor-element-4f25db3 elementor-widget elementor-widget-image\" data-id=\"4f25db3\" data-element_type=\"widget\" data-widget_type=\"image.default\">\n\t\t\t\t<div class=\"elementor-widget-container\">\n\t\t\t\t\t\t\t\t\t\t\t\t\t\t\t<img loading=\"lazy\" decoding=\"async\" width=\"599\" height=\"439\" src=\"https:\/\/crae.info\/wp-content\/uploads\/2015\/08\/NetRadio-v3.jpg\" class=\"attachment-large size-large wp-image-428\" alt=\"\" srcset=\"https:\/\/crae.info\/wp-content\/uploads\/2015\/08\/NetRadio-v3.jpg 599w, https:\/\/crae.info\/wp-content\/uploads\/2015\/08\/NetRadio-v3-300x220.jpg 300w\" sizes=\"auto, (max-width: 599px) 100vw, 599px\" \/>\t\t\t\t\t\t\t\t\t\t\t\t\t\t\t<\/div>\n\t\t\t\t<\/div>\n\t\t\t\t\t<\/div>\n\t\t<\/div>\n\t\t\t\t<div class=\"elementor-column elementor-col-66 elementor-top-column elementor-element elementor-element-947503d\" data-id=\"947503d\" data-element_type=\"column\">\n\t\t\t<div class=\"elementor-widget-wrap elementor-element-populated\">\n\t\t\t\t\t\t\t\t<div class=\"elementor-element elementor-element-6cda922 elementor-drop-cap-yes elementor-drop-cap-view-default elementor-widget elementor-widget-text-editor\" data-id=\"6cda922\" data-element_type=\"widget\" data-settings=\"{&quot;drop_cap&quot;:&quot;yes&quot;}\" data-widget_type=\"text-editor.default\">\n\t\t\t\t<div class=\"elementor-widget-container\">\n\t\t\t\t\t\t\t<p>NetRadio v3 est un logiciel qui vous permet d\u2019\u00e9couter la radio n\u2019importe o\u00f9 depuis votre PC.<\/p><p>NetRadio v3 vous permet aussi de r\u00e9cup\u00e9rer les informations sur la piste en cours. Cependant si NetRadio v3 ne poss\u00e8de pas d\u2019infos pour une radio, vous pouvez cr\u00e9er un moteur externe au logiciel.<\/p><p>NetRadio v3 vous permet aussi de sauvegarder toutes les informations dans plusieurs formats avec les pochettes.<\/p><p>NetRadio v3 est accompagn\u00e9 d\u2019un logiciel qui vous permet d\u2019enregistrer vos radios pr\u00e9f\u00e9r\u00e9es. Un assistant a \u00e9t\u00e9 cr\u00e9\u00e9 pour vous aider \u00e0 programmer vos enregistrements.<\/p><p>NetRadio v3 est con\u00e7u pour une plateforme Windows (XP, Vista, 7, 8\/8.1, 10). d\u2019autre part vous devez avoir install\u00e9 Windows Media Player 9 au minimum.<\/p>\t\t\t\t\t\t<\/div>\n\t\t\t\t<\/div>\n\t\t\t\t<section class=\"elementor-section elementor-inner-section elementor-element elementor-element-c4877dd elementor-section-content-middle elementor-section-boxed elementor-section-height-default elementor-section-height-default\" data-id=\"c4877dd\" data-element_type=\"section\">\n\t\t\t\t\t\t<div class=\"elementor-container elementor-column-gap-default\">\n\t\t\t\t\t<div class=\"elementor-column elementor-col-33 elementor-inner-column elementor-element elementor-element-4777be7\" data-id=\"4777be7\" data-element_type=\"column\">\n\t\t\t<div class=\"elementor-widget-wrap elementor-element-populated\">\n\t\t\t\t\t\t\t\t<div class=\"elementor-element elementor-element-0af98ef elementor-view-default elementor-widget elementor-widget-icon\" data-id=\"0af98ef\" data-element_type=\"widget\" data-widget_type=\"icon.default\">\n\t\t\t\t<div class=\"elementor-widget-container\">\n\t\t\t\t\t<div class=\"elementor-icon-wrapper\">\n\t\t\t<a class=\"elementor-icon\" href=\"https:\/\/www.crae.info\/fichiersphp\/down.php?id=15\" target=\"_blank\">\n\t\t\t\t\t\t\t<i class=\"fa fa-download\" aria-hidden=\"true\"><\/i>\n\t\t\t\t\t\t<\/a>\n\t\t<\/div>\n\t\t\t\t<\/div>\n\t\t\t\t<\/div>\n\t\t\t\t\t<\/div>\n\t\t<\/div>\n\t\t\t\t<div class=\"elementor-column elementor-col-66 elementor-inner-column elementor-element elementor-element-94b6b32\" data-id=\"94b6b32\" data-element_type=\"column\">\n\t\t\t<div class=\"elementor-widget-wrap elementor-element-populated\">\n\t\t\t\t\t\t\t\t<div class=\"elementor-element elementor-element-241889d elementor-widget elementor-widget-heading\" data-id=\"241889d\" data-element_type=\"widget\" data-widget_type=\"heading.default\">\n\t\t\t\t<div class=\"elementor-widget-container\">\n\t\t\t<h2 class=\"elementor-heading-title elementor-size-default\"><a href=\"https:\/\/www.crae.info\/fichiersphp\/down.php?id=15\" target=\"_blank\">Download<\/a><\/h2>\t\t<\/div>\n\t\t\t\t<\/div>\n\t\t\t\t\t<\/div>\n\t\t<\/div>\n\t\t\t\t\t\t\t<\/div>\n\t\t<\/section>\n\t\t\t\t\t<\/div>\n\t\t<\/div>\n\t\t\t\t\t\t\t<\/div>\n\t\t<\/section>\n\t\t\t\t\t\t\t<\/div>\n\t\t","protected":false},"excerpt":{"rendered":"<p>NetRadio v3 NetRadio v3 est un logiciel qui vous permet d\u2019\u00e9couter la radio n\u2019importe o\u00f9 depuis votre PC. NetRadio v3 vous permet aussi de r\u00e9cup\u00e9rer les informations sur la piste en cours. Cependant si NetRadio v3 ne poss\u00e8de pas d\u2019infos pour une radio, vous pouvez cr\u00e9er un moteur externe au logiciel. NetRadio v3 vous permet aussi de sauvegarder toutes les informations dans plusieurs formats avec les pochettes. NetRadio v3 est accompagn\u00e9 d\u2019un logiciel qui vous permet d\u2019enregistrer vos radios pr\u00e9f\u00e9r\u00e9es. Un assistant a \u00e9t\u00e9 cr\u00e9\u00e9 pour vous aider \u00e0 programmer vos enregistrements. NetRadio v3 est con\u00e7u pour une plateforme Windows (XP, Vista, 7, 8\/8.1, 10). d\u2019autre part vous devez avoir [&#8230;]<\/p>\n","protected":false},"author":1,"featured_media":0,"parent":566,"menu_order":0,"comment_status":"closed","ping_status":"closed","template":"elementor_header_footer","meta":{"footnotes":""},"class_list":["post-585","page","type-page","status-publish","hentry"],"_links":{"self":[{"href":"https:\/\/crae.info\/en\/wp-json\/wp\/v2\/pages\/585","targetHints":{"allow":["GET"]}}],"collection":[{"href":"https:\/\/crae.info\/en\/wp-json\/wp\/v2\/pages"}],"about":[{"href":"https:\/\/crae.info\/en\/wp-json\/wp\/v2\/types\/page"}],"author":[{"embeddable":true,"href":"https:\/\/crae.info\/en\/wp-json\/wp\/v2\/users\/1"}],"replies":[{"embeddable":true,"href":"https:\/\/crae.info\/en\/wp-json\/wp\/v2\/comments?post=585"}],"version-history":[{"count":7,"href":"https:\/\/crae.info\/en\/wp-json\/wp\/v2\/pages\/585\/revisions"}],"predecessor-version":[{"id":692,"href":"https:\/\/crae.info\/en\/wp-json\/wp\/v2\/pages\/585\/revisions\/692"}],"up":[{"embeddable":true,"href":"https:\/\/crae.info\/en\/wp-json\/wp\/v2\/pages\/566"}],"wp:attachment":[{"href":"https:\/\/crae.info\/en\/wp-json\/wp\/v2\/media?parent=585"}],"curies":[{"name":"wp","href":"https:\/\/api.w.org\/{rel}","templated":true}]}}