{"id":212,"date":"2015-08-15T16:57:02","date_gmt":"2015-08-15T14:57:02","guid":{"rendered":"http:\/\/heim.crae.info\/wordpress\/?page_id=212"},"modified":"2025-08-05T23:12:54","modified_gmt":"2025-08-05T21:12:54","slug":"fabien-donius","status":"publish","type":"page","link":"https:\/\/crae.info\/en\/fabien-donius\/","title":{"rendered":"Fabien Donius"},"content":{"rendered":"<p><\/p>\n<table>\n<tbody>\n<tr>\n<td><a href=\"https:\/\/crae.info\/wp-content\/uploads\/2024\/09\/1727639320510.jpeg\" rel=\"attachment wp-att-395\"><img loading=\"lazy\" decoding=\"async\" class=\"alignnone wp-image-697 size-medium\" src=\"https:\/\/crae.info\/wp-content\/uploads\/2024\/09\/1727639320510-300x300.jpeg\" alt=\"\" width=\"300\" height=\"300\" srcset=\"https:\/\/crae.info\/wp-content\/uploads\/2024\/09\/1727639320510-300x300.jpeg 300w, https:\/\/crae.info\/wp-content\/uploads\/2024\/09\/1727639320510-150x150.jpeg 150w, https:\/\/crae.info\/wp-content\/uploads\/2024\/09\/1727639320510.jpeg 400w\" sizes=\"auto, (max-width: 300px) 100vw, 300px\" \/><\/a><\/td>\n<td>\n<p style=\"text-align: right;\">38 ans, c\u00e9libataire<\/p>\n<p style=\"text-align: right;\">Permis de conduire B v\u00e9hicul\u00e9<\/p>\n<\/td>\n<\/tr>\n<tr>\n<td colspan=\"2\">\n<h5>Software Development Manager Adjoint et <strong>Product Owner<\/strong> &#8211; R&amp;D, Syst\u00e8mes Embarqu\u00e9s<\/h5>\n<\/td>\n<\/tr>\n<tr>\n<td colspan=\"2\">\n<h4>Mes exp\u00e9riences et projets<\/h4>\n<\/td>\n<\/tr>\n<tr>\n<td>Depuis ao\u00fbt 2019<\/td>\n<td>Software Development <strong>Manager<\/strong> adjoint et <strong>Product Owner<\/strong> chez <strong>Mikron Automation SA<\/strong> \u00e0 Boudry (NE, Suisse)<\/p>\n<p><em><strong>Responsable<\/strong> des activit\u00e9s li\u00e9s au d\u00e9veloppement d\u2019une famille de machine. Coordination et support des automaticiens de Boudry (NE, Suisse) et Denver (Colorado, \u00c9tats-Unis). D\u00e9finition de l\u2019<strong>architecture<\/strong> d\u2019un projet <strong>Industrie 4.0<\/strong>.<\/em><\/td>\n<\/tr>\n<tr>\n<td>Octobre 2014 \u00e0 juillet 2019<\/td>\n<td>Ing\u00e9nieur Temps R\u00e9el chez <strong>Mikron Automation SA<\/strong> \u00e0 Boudry (NE, Suisse)<\/p>\n<p><em>D\u00e9veloppement du framework <strong>temps r\u00e9el<\/strong> des machines d\u2019assemblage et formation des collaborateurs sur celui-ci. Mise en place du serveur de build et de tests. Orientation du <strong>management de projet<\/strong> vers une m\u00e9thodologie Agile.<\/em><\/td>\n<\/tr>\n<tr>\n<td>Avril 2011 \u00e0 juillet 2014<\/td>\n<td>Ing\u00e9nieur Int\u00e9gration chez <strong>Rollomatic SA<\/strong> au Landeron (NE, Suisse)<\/p>\n<p><em>Int\u00e9gration d\u2019un laser et des \u00e9l\u00e9ments pour son contr\u00f4le dans une <strong>machine CNC<\/strong> 5 axes. D\u00e9veloppements du syst\u00e8me de <strong>communication<\/strong> et de l\u2019<strong>interface homme-machine<\/strong>.<\/em><\/td>\n<\/tr>\n<tr>\n<td>Janvier 2011<\/td>\n<td>Projet de fin d\u2019\u00e9tude chez <strong>Qarnot Computing<\/strong> bas\u00e9 dans l\u2019incubateur de <strong>Telecom Paris<\/strong>.<\/p>\n<p><em>Conception d\u2019un <strong>syst\u00e8me embarqu\u00e9<\/strong> de gestion d\u2019unit\u00e9 centrale pour syst\u00e8me de chauffage individuel.<\/em><\/td>\n<\/tr>\n<tr>\n<td>Juin \u00e0 d\u00e9cembre 2010<\/td>\n<td>Concepteur et d\u00e9veloppeur d\u2019<strong>AutoSummary<\/strong><\/p>\n<p><em>Plugin pour Microsoft Office <strong>PowerPoint<\/strong> permettant la cr\u00e9ation automatique de sommaire.<\/em><\/td>\n<\/tr>\n<tr>\n<td>Mai \u00e0 ao\u00fbt 2010<\/td>\n<td>Ing\u00e9nieur Optimisation chez <strong>Siemens Industry Mobility<\/strong> \u00e0 Chatillon (92)<\/p>\n<p><em><strong>Optimisation<\/strong> de l&#8217;<strong>\u00e9nergie<\/strong> consomm\u00e9e par les trains. Impl\u00e9mentation du nouveau mod\u00e8le dans le <strong>simulateur Matlab<\/strong>.<\/em><\/td>\n<\/tr>\n<tr>\n<td>2009 \u2013 2010<\/td>\n<td>Conception d\u2019un <strong>glucom\u00e8tre<\/strong> pour <strong>t\u00e9l\u00e9phone portable<\/strong> dans le cadre du Projet Pluridisciplinaire en \u00c9quipe \u00e0 l\u2019ECE Paris.<\/td>\n<\/tr>\n<tr>\n<td>Juin \u00e0 ao\u00fbt 2009<\/td>\n<td>D\u00e9veloppeur base de donn\u00e9es chez <strong>ELA Medical &#8211; Sorin Group<\/strong> \u00e0 Montrouge (92)<\/p>\n<p><em>Conception d\u2019une base de donn\u00e9es de <strong>composants \u00e9lectroniques haute fiabilit\u00e9<\/strong>. Int\u00e9gration de syst\u00e8mes de <strong>recherche<\/strong> \u00e0 l\u2019outil selon les besoins des diff\u00e9rents services.<\/em><\/td>\n<\/tr>\n<tr>\n<td>Juin \u00e0 juillet 2008<\/td>\n<td>Analyste webmaster chez <strong>Ou\u00efFM<\/strong> \u00e0 Paris (75)<\/p>\n<p><em>Analyse des besoins et r\u00e9flexion sur les solutions \u00e0 apporter (analyse des <strong>diff\u00e9rents CMS<\/strong> et autres outils) pour l\u2019actualisation du site actuel. Conception de la <strong>base de donn\u00e9es<\/strong> et r\u00e9alisation du back office du site.<\/em><\/td>\n<\/tr>\n<tr>\n<td>Juillet 2007<\/td>\n<td>Agent de laboratoire chez <strong>Sanofi-Aventis<\/strong> \u00e0 Vitry sur Seine (94)<\/p>\n<p><em>Organisation des t\u00e2ches \u00e0 accomplir, suivi des <strong>Bonnes Pratiques de Laboratoire<\/strong> (BPL).<\/em><\/td>\n<\/tr>\n<tr>\n<td>Mai 2007<\/td>\n<td>Pr\u00e9sentation sur les <strong>Codes Correcteurs d\u2019Erreurs<\/strong> lors de la journ\u00e9e de la science.<\/td>\n<\/tr>\n<tr>\n<td>Ao\u00fbt \u00e0 septembre 2006<\/td>\n<td>Analyste d\u00e9veloppeur chez <strong>Sanofi-Aventis<\/strong> \u00e0 Vitry sur Seine (94)<\/p>\n<p><em>Conception et r\u00e9alisation d\u2019<strong>outils informatiques<\/strong> pour faciliter le <strong>d\u00e9ploiement d\u2019applications<\/strong> et pour <strong>centraliser les informations<\/strong> sur les probl\u00e8mes rencontr\u00e9s. R\u00e9daction de la <strong>documentation<\/strong> de ces outils.<\/em><\/td>\n<\/tr>\n<tr>\n<td>\u00c9t\u00e9 2005<\/td>\n<td>\u00c9diteur PHP pour <strong>Nattydread<\/strong> et <strong>Virades.org<\/strong> au Perreux sur Marne (94)<\/p>\n<p><em>Mise \u00e0 jour des <strong>sites<\/strong> de Nattydread et Virades.org. Actualisation des back office web.<\/em><\/td>\n<\/tr>\n<tr>\n<td>Juin \u00e0 d\u00e9cembre 2004<\/td>\n<td>Architecte Web pour l\u2019<strong>Association Saint Maurice du Perreux<\/strong> (94)<\/p>\n<p><em>R\u00e9alisation du site web avec un back office et cr\u00e9ation des graphismes en accord avec le responsable communication de l\u2019association.<\/em><\/td>\n<\/tr>\n<tr>\n<td colspan=\"2\">\n<h4>Ma formation continue<\/h4>\n<\/td>\n<\/tr>\n<tr>\n<td>2019<\/td>\n<td>Formation <strong>Scrum Master PSM1<\/strong> par Tremeur Balbous de Pyxis Suisse SA.<\/td>\n<\/tr>\n<tr>\n<td>2018<\/td>\n<td>Formation <strong>Manager Junior<\/strong> par Philippe Colignon d\u2019Audiolook Formation.<\/td>\n<\/tr>\n<tr>\n<td>2015<\/td>\n<td>Formation au <strong>Motion<\/strong> et \u00e0 la <strong>Safety<\/strong> avec les syst\u00e8mes <strong>B&amp;R Automation<\/strong>.<\/td>\n<\/tr>\n<tr>\n<td>2014<\/td>\n<td>Formation au CAO\/FAO <strong>AlphaCAM<\/strong> chez MWProgrammation.<\/td>\n<\/tr>\n<tr>\n<td>2013<\/td>\n<td>Formation au CAO <strong>Rhinoceros<\/strong> et \u00e0 son module param\u00e9trique <strong>Grasshopper<\/strong> chez 3dtraining.<\/td>\n<\/tr>\n<tr>\n<td>2012<\/td>\n<td>Technologies Microsoft <strong>WCF<\/strong> et <strong>WPF<\/strong> \u00e0 l\u2019ISEIG, \u00e0 Lausanne.<\/td>\n<\/tr>\n<tr>\n<td>2007<\/td>\n<td>D\u00e9couverte d\u2019Office SharePoint Serveur 2007 chez Microsoft.<\/td>\n<\/tr>\n<tr>\n<td colspan=\"2\">\n<h4>Ma Formation<\/h4>\n<\/td>\n<\/tr>\n<tr>\n<td>2006 \u2013 2011<\/td>\n<td><strong>Dipl\u00f4me d\u2019ing\u00e9nieur<\/strong> \u00e0 l\u2019\u00c9cole Centrale d\u2019\u00c9lectronique (ECE Paris), sp\u00e9cialit\u00e9 <strong>Syst\u00e8mes Embarqu\u00e9s et R&amp;D<\/strong>, \u00e0 Paris, \u00e9quivalent ing\u00e9nieur <strong>EPF<\/strong>.<\/td>\n<\/tr>\n<tr>\n<td>2<sup>e<\/sup> semestre 2010<\/td>\n<td>Semestre d\u2019\u00e9tude en ing\u00e9nierie dans l\u2019universit\u00e9 d\u2019<strong>Islande<\/strong> \u00e0 <strong>Reykjavik<\/strong>.<\/td>\n<\/tr>\n<tr>\n<td>2<sup>e<\/sup> semestre 2008<\/td>\n<td>Semestre d\u2019\u00e9tude en ing\u00e9nierie dans l\u2019universit\u00e9 <strong>anglophone<\/strong> de <strong>Concordia<\/strong> au Canada.<\/td>\n<\/tr>\n<tr>\n<td>2006<\/td>\n<td>Bac <strong>Scientifique<\/strong> (S) avec mention.<\/td>\n<\/tr>\n<tr>\n<td colspan=\"2\">\n<h4>Mes domaines de comp\u00e9tence<\/h4>\n<\/td>\n<\/tr>\n<tr>\n<td>Management<\/td>\n<td>M\u00e9thodologies <strong>Agile<\/strong>, mise en place <strong>KPI<\/strong> et calcul de <strong>ROI<\/strong>, \u00e9criture de <strong>Functionnal Specification<\/strong>, analyse de risque <strong>FMEA<\/strong>Veille technologique et recherche d\u2019<strong>innovation<\/strong><\/td>\n<\/tr>\n<tr>\n<td>Informatique<\/td>\n<td>Ma\u00eetrise des logiciels de gestion de projet, d\u2019Office, de Visual Studio et de graphisme<\/p>\n<p>Maitrise de la mise en place de syst\u00e8me d\u2019int\u00e9gration et de d\u00e9ploiement continue (CI\/CD)<\/p>\n<p>Maitrise de la mise en place d\u2019architecture<\/p>\n<p>Ma\u00eetrise de langages de programmation (C#, C++, SQL, JS, MatLab, JS, PHP, XHTML \u2026)<\/p>\n<p>Conception de syst\u00e8mes \u00e9lectroniques (Microcontr\u00f4leur, FPGA, DSP &#8230;)<\/p>\n<p>Maitrise des syst\u00e8mes d\u2019exploitation embarqu\u00e9s (Windows IoT, VxWorks &#8230;)<\/td>\n<\/tr>\n<tr>\n<td>Langues<\/td>\n<td>Fran\u00e7ais langue maternelle.<\/p>\n<p>Anglais bon niveau.<\/p>\n<p>Allemand niveau moyen.<\/td>\n<\/tr>\n<tr>\n<td colspan=\"2\">\n<h4>Mes activit\u00e9s<\/h4>\n<\/td>\n<\/tr>\n<tr>\n<td colspan=\"2\">\n<ul>\n<li><strong>Photographie<\/strong> amateur. R\u00e9alisation de plusieurs <strong>expositions<\/strong>.<\/li>\n<li>Ancien <strong>Pr\u00e9sident<\/strong> d\u2019une association label de musique et d\u2019organisation de concert\u00a0: <strong>EatMusic<\/strong>.<\/li>\n<li><strong>Voyages<\/strong> \u00e0 l\u2019\u00e9tranger avec une <strong>immersion<\/strong> au sein de la population.<\/li>\n<li>Badminton et aviron.<\/li>\n<\/ul>\n<\/td>\n<\/tr>\n<\/tbody>\n<\/table>\n<p><\/p>","protected":false},"excerpt":{"rendered":"<p>38 ans, c\u00e9libataire Permis de conduire B v\u00e9hicul\u00e9 Software Development Manager Adjoint et Product Owner &#8211; R&amp;D, Syst\u00e8mes Embarqu\u00e9s Mes exp\u00e9riences et projets Depuis ao\u00fbt 2019 Software Development Manager adjoint et Product Owner chez Mikron Automation SA \u00e0 Boudry (NE, Suisse) Responsable des activit\u00e9s li\u00e9s au d\u00e9veloppement d\u2019une famille de machine. Coordination et support des automaticiens de Boudry (NE, Suisse) et Denver (Colorado, \u00c9tats-Unis). D\u00e9finition de l\u2019architecture d\u2019un projet Industrie 4.0. Octobre 2014 \u00e0 juillet 2019 Ing\u00e9nieur Temps R\u00e9el chez Mikron Automation SA \u00e0 Boudry (NE, Suisse) D\u00e9veloppement du framework temps r\u00e9el des machines d\u2019assemblage et formation des collaborateurs sur celui-ci. Mise en place du serveur de build et de [&#8230;]<\/p>\n","protected":false},"author":1,"featured_media":0,"parent":0,"menu_order":0,"comment_status":"closed","ping_status":"closed","template":"","meta":{"footnotes":""},"class_list":["post-212","page","type-page","status-publish","hentry"],"_links":{"self":[{"href":"https:\/\/crae.info\/en\/wp-json\/wp\/v2\/pages\/212","targetHints":{"allow":["GET"]}}],"collection":[{"href":"https:\/\/crae.info\/en\/wp-json\/wp\/v2\/pages"}],"about":[{"href":"https:\/\/crae.info\/en\/wp-json\/wp\/v2\/types\/page"}],"author":[{"embeddable":true,"href":"https:\/\/crae.info\/en\/wp-json\/wp\/v2\/users\/1"}],"replies":[{"embeddable":true,"href":"https:\/\/crae.info\/en\/wp-json\/wp\/v2\/comments?post=212"}],"version-history":[{"count":29,"href":"https:\/\/crae.info\/en\/wp-json\/wp\/v2\/pages\/212\/revisions"}],"predecessor-version":[{"id":705,"href":"https:\/\/crae.info\/en\/wp-json\/wp\/v2\/pages\/212\/revisions\/705"}],"wp:attachment":[{"href":"https:\/\/crae.info\/en\/wp-json\/wp\/v2\/media?parent=212"}],"curies":[{"name":"wp","href":"https:\/\/api.w.org\/{rel}","templated":true}]}}