{"id":201,"date":"2015-08-15T16:50:56","date_gmt":"2015-08-15T15:50:56","guid":{"rendered":"http:\/\/heim.crae.info\/wordpress\/?page_id=201"},"modified":"2025-08-05T23:11:57","modified_gmt":"2025-08-05T21:11:57","slug":"autres","status":"publish","type":"page","link":"https:\/\/crae.info\/en\/projets\/autres\/","title":{"rendered":"Autres"},"content":{"rendered":"<p><\/p>\n<blockquote>\n<pre>Note : Ces projets ne sont plus maintenus.<\/pre>\n<\/blockquote>\n<h4>CCE Testeur<\/h4>\n<p>\u00c9l\u00e8ves de l&#8217;ECE Paris, nous avons \u00e9labor\u00e9, dans le cadre du Projet Scientifique et Technique Encadr\u00e9 , ce logiciel dans le but d&#8217;explorer le th\u00e8me des codes correcteurs d&#8217;erreurs.<br \/>\nGr\u00e2ce \u00e0 celui-ci, vous pourrez comparer diff\u00e9rents codes entre eux, ou tout simplement un m\u00eame code \u00e0 diff\u00e9rents types d&#8217;erreurs.<br \/>\nAvec un syst\u00e8me de plug-in, vous pourrez faire \u00e9voluer le logiciel selon vos besoins.<br \/>\nSi vous d\u00e9sirez plus d&#8217;explication quant \u00e0 l&#8217;utilisation du logiciel, reportez vous au fichier d&#8217;aide.<br \/>\nRetrouvez plus d&#8217;informations \u00e0 cette adresse : <a href=\"http:\/\/cce-project.crae-prod.info\/\" target=\"_blank\" rel=\"noopener\">http:\/\/cce-project.crae-prod.info\/<\/a><\/p>\n<p style=\"text-align: right;\"><a href=\"https:\/\/www.crae.info\/fichiersphp\/down.php?id=27\" target=\"_blank\" rel=\"noopener\">T\u00c9L\u00c9CHARGER<\/a><\/p>\n<hr \/>\n<h4 style=\"text-align: left;\">CDPlay v2<\/h4>\n<p>Ce logiciel sert tout simplement \u00e0 lire vos CD Audio sur votre PC. D&#8217;autre part si vous gravez vos propres CD, vous pourrez d\u00e9couvrir comment faire pour que, lors d&#8217;une lecture sous Windows, il s\u2019ex\u00e9cute et affiche la pochette.<\/p>\n<p style=\"text-align: right;\"><a href=\"https:\/\/www.crae.info\/fichiersphp\/down.php?id=20\" target=\"_blank\" rel=\"noopener\">T\u00c9L\u00c9CHARGER<\/a><\/p>\n<hr \/>\n<h4>Cot Cot Cothello<\/h4>\n<p><a href=\"https:\/\/crae.info\/wp-content\/uploads\/2018\/02\/Cot-Cot-Cothello.png\"><img loading=\"lazy\" decoding=\"async\" class=\"size-medium wp-image-432 alignleft\" src=\"https:\/\/crae.info\/wp-content\/uploads\/2018\/02\/Cot-Cot-Cothello-300x201.png\" alt=\"\" width=\"300\" height=\"201\" srcset=\"https:\/\/crae.info\/wp-content\/uploads\/2018\/02\/Cot-Cot-Cothello-300x201.png 300w, https:\/\/crae.info\/wp-content\/uploads\/2018\/02\/Cot-Cot-Cothello.png 405w\" sizes=\"auto, (max-width: 300px) 100vw, 300px\" \/><\/a>Encore un jeu que tout le monde connait bien : L&#8217;Othello!<\/p>\n<p>Voil\u00e0 la premi\u00e8re version de ce jeu de ma part, avec au menu, IA, jeux en r\u00e9seau, redimensionnement du plateau et plusieurs autres options que je vous laisse d\u00e9couvrir.<\/p>\n<p>Merci \u00e0 Ch\u00e9rine Kamel pour avoir pleinement particip\u00e9 \u00e0 ce projet.<\/p>\n<p style=\"text-align: right;\"><a href=\"https:\/\/www.crae.info\/fichiersphp\/down.php?id=28\" target=\"_blank\" rel=\"noopener\">T\u00c9L\u00c9CHARGER<\/a><\/p>\n<hr \/>\n<h4 style=\"text-align: left;\">Crae Detect v2<\/h4>\n<p>Crae Detect est un logiciel qui d\u00e9tecte les mouvements dans une pi\u00e8ce. Vous devez disposer d&#8217;une cam\u00e9ra ou webcam branch\u00e9e \u00e0 votre PC. Deux options se pr\u00e9sentent, \u00e0 vous de les d\u00e9couvrir.<\/p>\n<p style=\"text-align: right;\"><a href=\"https:\/\/www.crae.info\/fichiersphp\/down.php?id=2\" target=\"_blank\" rel=\"noopener\">T\u00c9L\u00c9CHARGER<\/a><\/p>\n<hr \/>\n<h4>Crae Multim\u00e9dia WebSystem (PHP source)<\/h4>\n<p>Vous voulez avoir acc\u00e8s \u00e0 vos fichiers multim\u00e9dia de n&#8217;importe o\u00f9?<br \/>\nCrae Multim\u00e9dia WebSystem est con\u00e7u sp\u00e9cialement pour \u00e7a. Apr\u00e8s installation et configuration du syst\u00e8me vous pourrez lire vos fichiers MP3, regarder vos photos partout o\u00f9 vous avez un acc\u00e8s \u00e0 Internet.<\/p>\n<p style=\"text-align: right;\"><a href=\"https:\/\/www.crae.info\/fichiersphp\/down.php?id=30\" target=\"_blank\" rel=\"noopener\">T\u00c9L\u00c9CHARGER<\/a><\/p>\n<hr \/>\n<h4>Crae Radio (PHP source)<\/h4>\n<p>Vous voulez diffuser une radio sur le net voil\u00e0 tout ce qu&#8217;il vous faut.<\/p>\n<p style=\"text-align: right;\"><a href=\"https:\/\/www.crae.info\/fichiersphp\/down.php?id=10\" target=\"_blank\" rel=\"noopener\">T\u00c9L\u00c9CHARGER<\/a><\/p>\n<hr \/>\n<h4 style=\"text-align: left;\">DVD Film Launcher<\/h4>\n<p style=\"text-align: left;\">Ce logiciel vous permet de choisir un film de votre vid\u00e9oth\u00e8que, de disposer d&#8217;information sur celui ci, et enfin de le lancer.<br \/>\nLe format de fichier d&#8217;information est similaire \u00e0 celui de moviecovers.com.<br \/>\nIl contient M\u00e9dia Player Classic ainsi que la ffdshow (syst\u00e8me de codecs).<br \/>\nIl ne vous reste plus qu&#8217;\u00e0 le t\u00e9l\u00e9charger et \u00e0 le tester.<\/p>\n<p style=\"text-align: right;\"><a href=\"https:\/\/www.crae.info\/fichiersphp\/down.php?id=29\" target=\"_blank\" rel=\"noopener\">T\u00c9L\u00c9CHARGER<\/a><\/p>\n<hr \/>\n<h4>Le Bon Nombre v2<\/h4>\n<p>A l&#8217;aide des indications, vous devez encadrer le nombre (al\u00e9atoire) que le programme a tir\u00e9 en un minimum de coups. Arriverez vous \u00e0 trouver le bon nombre en un coup ???<\/p>\n<p style=\"text-align: right;\"><a href=\"https:\/\/www.crae.info\/fichiersphp\/down.php?id=19\" target=\"_blank\" rel=\"noopener\">T\u00c9L\u00c9CHARGER<\/a><\/p>\n<hr \/>\n<h4 style=\"text-align: left;\">Loto v2<\/h4>\n<p>Vous r\u00eaviez de jouer au loto sans perdre un sou!!! Votre r\u00eave vient d&#8217;\u00eatre r\u00e9alis\u00e9. Jouez, jouez et vous verrez gr\u00e2ce aux statistiques que les chances de gagner le gros lot sont faibles.<\/p>\n<p style=\"text-align: right;\"><a href=\"https:\/\/www.crae.info\/fichiersphp\/down.php?id=17\" target=\"_blank\" rel=\"noopener\">T\u00c9L\u00c9CHARGER<\/a><\/p>\n<hr \/>\n<h4 style=\"text-align: left;\">Make Autorun v2<\/h4>\n<p style=\"text-align: left;\">Vous souhaitez cr\u00e9er facilement des autoruns pour vos CD et DVD? Ce logiciel est fait pour vous. Il s&#8217;en charge automatiquement.<\/p>\n<p style=\"text-align: right;\"><a href=\"https:\/\/www.crae.info\/fichiersphp\/down.php?id=8\" target=\"_blank\" rel=\"noopener\">T\u00c9L\u00c9CHARGER<\/a><\/p>\n<hr \/>\n<h4 style=\"text-align: left;\">Morpion<\/h4>\n<p>Quand on s&#8217;ennuie en cours : un morpion! Vous pouvez d\u00e9sormais peaufiner votre tactique gr\u00e2ce \u00e0 ce petit logiciel et son intelligence artificielle \u00e0 trois niveaux. Vous pouvez aussi jouer contre un adversaire sur le m\u00eame ordinateur ou encore imprimer des grilles pour organiser des concours&#8230;<\/p>\n<p style=\"text-align: right;\"><a href=\"https:\/\/www.crae.info\/fichiersphp\/down.php?id=25\" target=\"_blank\" rel=\"noopener\">T\u00c9L\u00c9CHARGER<\/a><\/p>\n<hr \/>\n<h4 style=\"text-align: left;\">PGCD<\/h4>\n<p>Trouver le PGCD de deux nombres facilement.<\/p>\n<p style=\"text-align: right;\"><a href=\"https:\/\/www.crae.info\/fichiersphp\/down.php?id=9\" target=\"_blank\" rel=\"noopener\">T\u00c9L\u00c9CHARGER<\/a><\/p>\n<hr \/>\n<h4 style=\"text-align: left;\">Pile ou Face v2<\/h4>\n<p>Ce jeu n&#8217;a pas grand int\u00e9r\u00eat. Si ce n&#8217;est de d\u00e9montrer par la pratique la loi des grands nombres en statistiques. A vous de voir si elle est v\u00e9rifi\u00e9e ou pas.<\/p>\n<p style=\"text-align: right;\"><a href=\"https:\/\/www.crae.info\/fichiersphp\/down.php?id=18\" target=\"_blank\" rel=\"noopener\">T\u00c9L\u00c9CHARGER<\/a><\/p>\n<hr \/>\n<div class=\"bloc2\">\n<h4 class=\"adroite\" style=\"text-align: left;\">SHOUTcast &amp; MMS Recorder<\/h4>\n<p>Ce logiciel vous permet d&#8217;enregistrer votre radio pr\u00e9f\u00e9r\u00e9e. De plus son syst\u00e8me de script vous permet de lancer et stopper l&#8217;enregistrement automatiquement ou encore de garder en m\u00e9moire plusieurs radios.<br \/>\nNous avons aussi ajout\u00e9 un assistant pour que vous puissiez configurer facilement l&#8217;enregistrement de vos radios.<br \/>\nSHOUTcast &amp; MMS Recorder g\u00e8re maintenant l&#8217;enregistrement de streaming audio MMS.<\/p>\n<p style=\"text-align: right;\"><a href=\"https:\/\/crae.info\/fichiersphp\/down.php?id=14\" target=\"_blank\" rel=\"noopener\">T\u00c9L\u00c9CHARGER<\/a><\/p>\n<hr \/>\n<\/div>\n<h4 style=\"text-align: left;\">SHOUTcast SAC<\/h4>\n<p style=\"text-align: left;\">Ce logiciel vous permet d&#8217;enregistrer votre radio pr\u00e9f\u00e9r\u00e9e. De plus son syst\u00e8me de script vous permet de lancer et stopper l&#8217;enregistrement automatiquement ou encore de garder en m\u00e9moire plusieurs radios.<\/p>\n<p style=\"text-align: right;\"><a href=\"https:\/\/www.crae.info\/fichiersphp\/down.php?id=11\" target=\"_blank\" rel=\"noopener\">T\u00c9L\u00c9CHARGER<\/a><\/p>\n<hr \/>\n<h4 style=\"text-align: left;\">Yams v2<\/h4>\n<p style=\"text-align: left;\">Qui ne connait pas le Yams ou sa variante le Yatz\u00e9e?<br \/>\nEn voici une version informatique. Elle vous permettra de jouer contre vous-m\u00eame afin d&#8217;am\u00e9liorer votre strat\u00e9gie lors de prochains match contre des adversaires humains.<br \/>\nD&#8217;autre part de nombreuses fonctionnalit\u00e9s sont disponibles.<\/p>\n<p><u>NB<\/u> : Une erreur de parcours et de jeunesse m&#8217;a fait mettre le logiciel en version trial. Le code pour l&#8217;activer est le suivant : 547223.<\/p>\n<p style=\"text-align: right;\"><a href=\"https:\/\/www.crae.info\/fichiersphp\/down.php?id=24\" target=\"_blank\" rel=\"noopener\">T\u00c9L\u00c9CHARGER<\/a><\/p>\n<p><\/p>","protected":false},"excerpt":{"rendered":"<p>Note : Ces projets ne sont plus maintenus. CCE Testeur \u00c9l\u00e8ves de l&#8217;ECE Paris, nous avons \u00e9labor\u00e9, dans le cadre du Projet Scientifique et Technique Encadr\u00e9 , ce logiciel dans le but d&#8217;explorer le th\u00e8me des codes correcteurs d&#8217;erreurs. Gr\u00e2ce \u00e0 celui-ci, vous pourrez comparer diff\u00e9rents codes entre eux, ou tout simplement un m\u00eame code \u00e0 diff\u00e9rents types d&#8217;erreurs. Avec un syst\u00e8me de plug-in, vous pourrez faire \u00e9voluer le logiciel selon vos besoins. Si vous d\u00e9sirez plus d&#8217;explication quant \u00e0 l&#8217;utilisation du logiciel, reportez vous au fichier d&#8217;aide. Retrouvez plus d&#8217;informations \u00e0 cette adresse : http:\/\/cce-project.crae-prod.info\/ T\u00c9L\u00c9CHARGER CDPlay v2 Ce logiciel sert tout simplement \u00e0 lire vos CD Audio sur [&#8230;]<\/p>\n","protected":false},"author":1,"featured_media":0,"parent":93,"menu_order":0,"comment_status":"closed","ping_status":"closed","template":"","meta":{"footnotes":""},"class_list":["post-201","page","type-page","status-publish","hentry"],"_links":{"self":[{"href":"https:\/\/crae.info\/en\/wp-json\/wp\/v2\/pages\/201","targetHints":{"allow":["GET"]}}],"collection":[{"href":"https:\/\/crae.info\/en\/wp-json\/wp\/v2\/pages"}],"about":[{"href":"https:\/\/crae.info\/en\/wp-json\/wp\/v2\/types\/page"}],"author":[{"embeddable":true,"href":"https:\/\/crae.info\/en\/wp-json\/wp\/v2\/users\/1"}],"replies":[{"embeddable":true,"href":"https:\/\/crae.info\/en\/wp-json\/wp\/v2\/comments?post=201"}],"version-history":[{"count":3,"href":"https:\/\/crae.info\/en\/wp-json\/wp\/v2\/pages\/201\/revisions"}],"predecessor-version":[{"id":704,"href":"https:\/\/crae.info\/en\/wp-json\/wp\/v2\/pages\/201\/revisions\/704"}],"up":[{"embeddable":true,"href":"https:\/\/crae.info\/en\/wp-json\/wp\/v2\/pages\/93"}],"wp:attachment":[{"href":"https:\/\/crae.info\/en\/wp-json\/wp\/v2\/media?parent=201"}],"curies":[{"name":"wp","href":"https:\/\/api.w.org\/{rel}","templated":true}]}}